{"id":105,"date":"2016-03-09T14:09:04","date_gmt":"2016-03-09T12:09:04","guid":{"rendered":"http:\/\/policlinica-amaradia.ro\/\/?page_id=105"},"modified":"2022-10-24T10:20:16","modified_gmt":"2022-10-24T07:20:16","slug":"laborator-turculeanu-srl-laborator-de-analize-medicale","status":"publish","type":"page","link":"https:\/\/policlinica-amaradia.ro\/?page_id=105","title":{"rendered":"LABORATOR TURCULEANU SRL &#8211; Laborator de analize medicale"},"content":{"rendered":"<p><strong><span style=\"color: #0000ff;\">Laborator analize Medicale<\/span><\/strong><br \/>\n<span style=\"color: #ff0000;\">Programari: 0771527736<\/span><br \/>\n<span style=\"color: #ff0000;\"> Program lucru:\u00a0<\/span><span style=\"color: #ff0000;\">Luni &#8211; Vineri: 8:00 \u2013 18:00<\/span><\/p>\n<p>ANALIZE DE LABORATOR<\/p>\n<p>Contract cu CAS Olt<\/p>\n<table>\n<tbody>\n<tr>\n<td>\n<table width=\"607\">\n<tbody>\n<tr>\n<td width=\"127\"><strong>NR. CRT.<\/strong><\/td>\n<td width=\"336\"><strong>ANALIZA MEDICAL\u0102<\/strong><\/td>\n<td width=\"144\"><strong>PRE\u021a (RON)<\/strong><\/td>\n<\/tr>\n<tr>\n<td colspan=\"3\" width=\"607\"><strong>HEMATOLOGIE<\/strong><\/td>\n<\/tr>\n<tr>\n<td width=\"127\">1<\/td>\n<td width=\"336\">HLG\u00a0 complet\u0103 \u2013 hemoglobin\u0103, hematocrit, num\u0103r\u0103toare eritrocite, num\u0103r\u0103toare leucocite, num\u0103r\u0103toare eritrocite, formula leucocitar\u0103, indici eritrocitari.<\/td>\n<td width=\"144\"><\/td>\n<\/tr>\n<tr>\n<td width=\"127\">2<\/td>\n<td width=\"336\">VSH<\/td>\n<td width=\"144\"><\/td>\n<\/tr>\n<tr>\n<td width=\"127\">3<\/td>\n<td width=\"336\">Timp de coagulare<\/td>\n<td width=\"144\"><\/td>\n<\/tr>\n<tr>\n<td width=\"127\">4<\/td>\n<td width=\"336\">Timp de s\u00e2ngerare<\/td>\n<td width=\"144\"><\/td>\n<\/tr>\n<tr>\n<td width=\"127\">5<\/td>\n<td width=\"336\">INR + Timp Quick<\/td>\n<td width=\"144\"><\/td>\n<\/tr>\n<tr>\n<td width=\"127\">6<\/td>\n<td width=\"336\">APTT<\/td>\n<td width=\"144\"><\/td>\n<\/tr>\n<tr>\n<td width=\"127\">7<\/td>\n<td width=\"336\">Determinarea grupei sanguine ABO<\/td>\n<td width=\"144\"><\/td>\n<\/tr>\n<tr>\n<td width=\"127\">8<\/td>\n<td width=\"336\">Determinare grup sanguine Rh<\/td>\n<td width=\"144\"><\/td>\n<\/tr>\n<tr>\n<td width=\"127\">9<\/td>\n<td width=\"336\">CTLF\u00a0 (capacitatea total\u0103 de legare a fierului)<\/td>\n<td width=\"144\"><\/td>\n<\/tr>\n<tr>\n<td colspan=\"3\" width=\"607\"><strong>BIOCHIMIE<\/strong><\/td>\n<\/tr>\n<tr>\n<td width=\"127\">1<\/td>\n<td width=\"336\">Uree seric\u0103<\/td>\n<td width=\"144\"><\/td>\n<\/tr>\n<tr>\n<td width=\"127\">2<\/td>\n<td width=\"336\">Acid uric seric<\/td>\n<td width=\"144\"><\/td>\n<\/tr>\n<tr>\n<td width=\"127\">3<\/td>\n<td width=\"336\">Creatinin\u0103 seric\u0103<\/td>\n<td width=\"144\"><\/td>\n<\/tr>\n<tr>\n<td width=\"127\">4<\/td>\n<td width=\"336\">Calciu ionic seric<\/td>\n<td width=\"144\"><\/td>\n<\/tr>\n<tr>\n<td width=\"127\">5<\/td>\n<td width=\"336\">Calciu seric total<\/td>\n<td width=\"144\"><\/td>\n<\/tr>\n<tr>\n<td width=\"127\">6<\/td>\n<td width=\"336\">Magneziemie<\/td>\n<td width=\"144\"><\/td>\n<\/tr>\n<tr>\n<td width=\"127\">7<\/td>\n<td width=\"336\">Sideremie (fier)<\/td>\n<td width=\"144\"><\/td>\n<\/tr>\n<tr>\n<td width=\"127\">8<\/td>\n<td width=\"336\">Glicemie<\/td>\n<td width=\"144\"><\/td>\n<\/tr>\n<tr>\n<td width=\"127\">9<\/td>\n<td width=\"336\">Colesterol seric total<\/td>\n<td width=\"144\"><\/td>\n<\/tr>\n<tr>\n<td width=\"127\">10<\/td>\n<td width=\"336\">Trigliceride serice<\/td>\n<td width=\"144\"><\/td>\n<\/tr>\n<tr>\n<td width=\"127\">11<\/td>\n<td width=\"336\">HDL colesterol<\/td>\n<td width=\"144\"><\/td>\n<\/tr>\n<tr>\n<td width=\"127\">12<\/td>\n<td width=\"336\">LDL<\/td>\n<td width=\"144\"><\/td>\n<\/tr>\n<tr>\n<td width=\"127\">13<\/td>\n<td width=\"336\">Lipide totale serice<\/td>\n<td width=\"144\"><\/td>\n<\/tr>\n<tr>\n<td width=\"127\">14<\/td>\n<td width=\"336\">Proteine totale serice<\/td>\n<td width=\"144\"><\/td>\n<\/tr>\n<tr>\n<td width=\"127\">15<\/td>\n<td width=\"336\">TGO<\/td>\n<td width=\"144\"><\/td>\n<\/tr>\n<tr>\n<td width=\"127\">16<\/td>\n<td width=\"336\">TGP<\/td>\n<td width=\"144\"><\/td>\n<\/tr>\n<tr>\n<td width=\"127\">17<\/td>\n<td width=\"336\">Fosfataz\u0103 alcalin\u0103<\/td>\n<td width=\"144\"><\/td>\n<\/tr>\n<tr>\n<td width=\"127\">18<\/td>\n<td width=\"336\">Fibrinogenemie<\/td>\n<td width=\"144\"><\/td>\n<\/tr>\n<tr>\n<td width=\"127\">19<\/td>\n<td width=\"336\">Criofibrinogen<\/td>\n<td width=\"144\"><\/td>\n<\/tr>\n<tr>\n<td width=\"127\">20<\/td>\n<td width=\"336\">Gama GT<\/td>\n<td width=\"144\"><\/td>\n<\/tr>\n<tr>\n<td width=\"127\">21<\/td>\n<td width=\"336\">LDH<\/td>\n<td width=\"144\"><\/td>\n<\/tr>\n<tr>\n<td width=\"127\">22<\/td>\n<td width=\"336\">Bilirubin\u0103 total\u0103, direct\u0103<\/td>\n<td width=\"144\"><\/td>\n<\/tr>\n<tr>\n<td width=\"127\">23<\/td>\n<td width=\"336\">Bilirubin\u0103 total\u0103<\/td>\n<td width=\"144\"><\/td>\n<\/tr>\n<tr>\n<td width=\"127\">24<\/td>\n<td width=\"336\">Bilirubin\u0103 direct\u0103<\/td>\n<td width=\"144\"><\/td>\n<\/tr>\n<tr>\n<td width=\"127\">25<\/td>\n<td width=\"336\">Electroforeza proteinelor serice<\/td>\n<td width=\"144\"><\/td>\n<\/tr>\n<tr>\n<td width=\"127\">26<\/td>\n<td width=\"336\">VDRL<\/td>\n<td width=\"144\"><\/td>\n<\/tr>\n<tr>\n<td width=\"127\">27<\/td>\n<td width=\"336\">TPHA<\/td>\n<td width=\"144\"><\/td>\n<\/tr>\n<tr>\n<td width=\"127\">28<\/td>\n<td width=\"336\">VDRL + TPHA<\/td>\n<td width=\"144\"><\/td>\n<\/tr>\n<tr>\n<td width=\"127\">29<\/td>\n<td width=\"336\">Ionogram\u0103 (Na , K)<\/td>\n<td width=\"144\"><\/td>\n<\/tr>\n<tr>\n<td width=\"127\">30<\/td>\n<td width=\"336\">Amilazemie<\/td>\n<td width=\"144\"><\/td>\n<\/tr>\n<tr>\n<td width=\"127\">31<\/td>\n<td width=\"336\">Na, K, Ca ionic,<\/td>\n<td width=\"144\"><\/td>\n<\/tr>\n<tr>\n<td width=\"127\">32<\/td>\n<td width=\"336\">Fosfor<\/td>\n<td width=\"144\"><\/td>\n<\/tr>\n<tr>\n<td colspan=\"3\" width=\"607\"><strong>IMUNOLOGIE<\/strong><\/td>\n<\/tr>\n<tr>\n<td width=\"127\">1<\/td>\n<td width=\"336\">ASLO (cantitativ)<\/td>\n<td width=\"144\"><\/td>\n<\/tr>\n<tr>\n<td width=\"127\">2<\/td>\n<td width=\"336\">Factor rheumatoid (Latex)<\/td>\n<td width=\"144\"><\/td>\n<\/tr>\n<tr>\n<td width=\"127\">3<\/td>\n<td width=\"336\">Factor rheumatoid &#8211; cantitativ<\/td>\n<td width=\"144\"><\/td>\n<\/tr>\n<tr>\n<td width=\"127\">4<\/td>\n<td width=\"336\">Proteina C reactiv\u0103 (Latex)<\/td>\n<td width=\"144\"><\/td>\n<\/tr>\n<tr>\n<td width=\"127\">5<\/td>\n<td width=\"336\">Proteina C reactiv\u0103 (cantitativ)<\/td>\n<td width=\"144\"><\/td>\n<\/tr>\n<tr>\n<td width=\"127\">6<\/td>\n<td width=\"336\">IgA seric (cantitativ)<\/td>\n<td width=\"144\"><\/td>\n<\/tr>\n<tr>\n<td width=\"127\">7<\/td>\n<td width=\"336\">IgM seric (cantitativ)<\/td>\n<td width=\"144\"><\/td>\n<\/tr>\n<tr>\n<td width=\"127\">8<\/td>\n<td width=\"336\">IgG seric (cantitativ)<\/td>\n<td width=\"144\"><\/td>\n<\/tr>\n<tr>\n<td width=\"127\">9<\/td>\n<td width=\"336\">IgE seric (cantitativ)<\/td>\n<td width=\"144\"><\/td>\n<\/tr>\n<tr>\n<td width=\"127\">10<\/td>\n<td width=\"336\">Crioglobuline<\/td>\n<td width=\"144\"><\/td>\n<\/tr>\n<tr>\n<td width=\"127\">11<\/td>\n<td width=\"336\">Test HIV<\/td>\n<td width=\"144\"><\/td>\n<\/tr>\n<tr>\n<td width=\"127\">12<\/td>\n<td width=\"336\">Ag\u00a0 HBs<\/td>\n<td width=\"144\"><\/td>\n<\/tr>\n<tr>\n<td width=\"127\">14<\/td>\n<td width=\"336\">Anticorpi HCV<\/td>\n<td width=\"144\"><\/td>\n<\/tr>\n<tr>\n<td width=\"127\">17<\/td>\n<td width=\"336\">Helicobacter Pylori<\/td>\n<td width=\"144\"><\/td>\n<\/tr>\n<tr>\n<td width=\"127\">19<\/td>\n<td width=\"336\">Atc. Antinucleari AAN<\/td>\n<td width=\"144\"><\/td>\n<\/tr>\n<tr>\n<td colspan=\"3\" width=\"607\"><strong>EXAMENE URINA<\/strong><\/td>\n<\/tr>\n<tr>\n<td width=\"127\">1<\/td>\n<td width=\"336\">Examen complet de urin\u0103<\/td>\n<td width=\"144\"><\/td>\n<\/tr>\n<tr>\n<td width=\"127\">2<\/td>\n<td width=\"336\">Dozare glucozurie<\/td>\n<td width=\"144\"><\/td>\n<\/tr>\n<tr>\n<td width=\"127\">3<\/td>\n<td width=\"336\">Dozare proteinurie<\/td>\n<td width=\"144\"><\/td>\n<\/tr>\n<tr>\n<td width=\"127\">4<\/td>\n<td width=\"336\">Proba ADDIS<\/td>\n<td width=\"144\"><\/td>\n<\/tr>\n<tr>\n<td width=\"127\">5<\/td>\n<td width=\"336\">Amilazurie<\/td>\n<td width=\"144\"><\/td>\n<\/tr>\n<tr>\n<td width=\"127\">6<\/td>\n<td width=\"336\">Urocultura<\/td>\n<td width=\"144\"><\/td>\n<\/tr>\n<tr>\n<td width=\"127\">7<\/td>\n<td width=\"336\">Antibiograma<\/td>\n<td width=\"144\"><\/td>\n<\/tr>\n<tr>\n<td width=\"127\">8<\/td>\n<td width=\"336\">Calcul renal<\/td>\n<td width=\"144\"><\/td>\n<\/tr>\n<tr>\n<td width=\"127\">9<\/td>\n<td width=\"336\">Amilazemie + Amilazurie<\/td>\n<td width=\"144\"><\/td>\n<\/tr>\n<tr>\n<td colspan=\"3\" width=\"607\"><strong>EXAMENE MATERII FECALE<\/strong><\/td>\n<\/tr>\n<tr>\n<td width=\"127\">1<\/td>\n<td width=\"336\">Examen coproparazitar ( 1 prob\u0103)<\/td>\n<td width=\"144\"><\/td>\n<\/tr>\n<tr>\n<td width=\"127\">2<\/td>\n<td width=\"336\">Coprocultura<\/td>\n<td width=\"144\"><\/td>\n<\/tr>\n<tr>\n<td width=\"127\">3<\/td>\n<td width=\"336\">Test\u00a0 ADLLER (pentru depistarea hemoragiilor oculte)<\/td>\n<td width=\"144\"><\/td>\n<\/tr>\n<tr>\n<td width=\"127\">4<\/td>\n<td width=\"336\">Proba de digestie<\/td>\n<td width=\"144\"><\/td>\n<\/tr>\n<tr>\n<td width=\"127\">5<\/td>\n<td width=\"336\">Test hemoragii oculte<\/td>\n<td width=\"144\"><\/td>\n<\/tr>\n<tr>\n<td width=\"127\">6<\/td>\n<td width=\"336\">Antibiogram\u0103<\/td>\n<td width=\"144\"><\/td>\n<\/tr>\n<tr>\n<td width=\"127\">7<\/td>\n<td width=\"336\">Antigen Giardia<\/td>\n<td width=\"144\"><\/td>\n<\/tr>\n<tr>\n<td width=\"127\">8<\/td>\n<td width=\"336\">Atg.\u00a0 Fecal HP<\/td>\n<td width=\"144\"><\/td>\n<\/tr>\n<tr>\n<td width=\"127\">9<\/td>\n<td width=\"336\">Rotavirus<\/td>\n<td width=\"144\"><\/td>\n<\/tr>\n<tr>\n<td colspan=\"3\" width=\"607\"><strong>EXAMENE DIN SECRETII VAGINALE<\/strong><\/td>\n<\/tr>\n<tr>\n<td width=\"127\">1<\/td>\n<td width=\"336\">Cultur\u0103 bacteriana<\/td>\n<td width=\"144\"><\/td>\n<\/tr>\n<tr>\n<td width=\"127\">2<\/td>\n<td width=\"336\">Cultura fungi<\/td>\n<td width=\"144\"><\/td>\n<\/tr>\n<tr>\n<td width=\"127\">3<\/td>\n<td width=\"336\">Cultura bacteriana + fungi<\/td>\n<td width=\"144\"><\/td>\n<\/tr>\n<tr>\n<td width=\"127\">4<\/td>\n<td width=\"336\">Examen microscopic nativ \u015fi ex. microscopic colorat<\/td>\n<td width=\"144\"><\/td>\n<\/tr>\n<tr>\n<td width=\"127\">5<\/td>\n<td width=\"336\">Examen Babe\u015f \u2013 Papanicolau<\/td>\n<td width=\"144\"><\/td>\n<\/tr>\n<tr>\n<td width=\"127\">6<\/td>\n<td width=\"336\">Antibiogram\u0103<\/td>\n<td width=\"144\"><\/td>\n<\/tr>\n<tr>\n<td width=\"127\">7<\/td>\n<td width=\"336\">Fungigrama<\/td>\n<td width=\"144\"><\/td>\n<\/tr>\n<tr>\n<td width=\"127\">8<\/td>\n<td width=\"336\">Antibiogram\u0103 + fungigrama<\/td>\n<td width=\"144\"><\/td>\n<\/tr>\n<tr>\n<td width=\"127\">9<\/td>\n<td width=\"336\">Secre\u0163ie vaginal\u0103<\/td>\n<td width=\"144\"><\/td>\n<\/tr>\n<tr>\n<td width=\"127\">10<\/td>\n<td width=\"336\">Ureeaplasma+ Mycoplasma<\/td>\n<td width=\"144\"><\/td>\n<\/tr>\n<tr>\n<td width=\"127\">11<\/td>\n<td width=\"336\">Atg. Chlamydia<\/td>\n<td width=\"144\"><\/td>\n<\/tr>\n<tr>\n<td colspan=\"3\" width=\"607\"><strong>EXUDAT FARINGIAN<\/strong><\/td>\n<\/tr>\n<\/tbody>\n<\/table>\n<table width=\"607\">\n<tbody>\n<tr>\n<td width=\"127\">1<\/td>\n<td width=\"336\">Cultur\u0103 bacteriana<\/td>\n<td width=\"144\"><\/td>\n<\/tr>\n<tr>\n<td width=\"127\">2<\/td>\n<td width=\"336\">Cultura fungi<\/td>\n<td width=\"144\"><\/td>\n<\/tr>\n<tr>\n<td width=\"127\">3<\/td>\n<td width=\"336\">Cultura bacteriana + fungi<\/td>\n<td width=\"144\"><\/td>\n<\/tr>\n<tr>\n<td width=\"127\">4<\/td>\n<td width=\"336\">Antibiogram\u0103<\/td>\n<td width=\"144\"><\/td>\n<\/tr>\n<tr>\n<td width=\"127\">5<\/td>\n<td width=\"336\">Fungigrama<\/td>\n<td width=\"144\"><\/td>\n<\/tr>\n<\/tbody>\n<\/table>\n<table width=\"607\">\n<tbody>\n<tr>\n<td colspan=\"3\" width=\"607\"><strong>EXAMENE DE SECRETII URETRALE, OTICE, NAZALE, CONJUNCTIVALE SI PUROI<\/strong><\/td>\n<\/tr>\n<tr>\n<td width=\"127\">1<\/td>\n<td width=\"336\">Cultura bacteriana<\/td>\n<td width=\"144\"><\/td>\n<\/tr>\n<tr>\n<td width=\"127\">2<\/td>\n<td width=\"336\">Cultura fungi<\/td>\n<td width=\"144\"><\/td>\n<\/tr>\n<tr>\n<td width=\"127\">3<\/td>\n<td width=\"336\">Cultura bacteriana + fungi<\/td>\n<td width=\"144\"><\/td>\n<\/tr>\n<tr>\n<td width=\"127\">4<\/td>\n<td width=\"336\">Fungigram\u0103<\/td>\n<td width=\"144\"><\/td>\n<\/tr>\n<tr>\n<td width=\"127\">5<\/td>\n<td width=\"336\">Antibiogram\u0103<\/td>\n<td width=\"144\"><\/td>\n<\/tr>\n<tr>\n<td width=\"127\">6<\/td>\n<td width=\"336\">Antibiogram\u0103 + fungigrama<\/td>\n<td width=\"144\"><\/td>\n<\/tr>\n<tr>\n<td width=\"127\">7<\/td>\n<td width=\"336\">Spermogram\u0103<\/td>\n<td width=\"144\"><\/td>\n<\/tr>\n<tr>\n<td width=\"127\">8<\/td>\n<td width=\"336\">Spermocultur\u0103<\/td>\n<td width=\"144\"><\/td>\n<\/tr>\n<tr>\n<td width=\"127\">10<\/td>\n<td width=\"336\">Examen citologic din secre\u0163ii (s\u00e2n, colec\u0163ii purulente, etc.)<\/td>\n<td width=\"144\"><\/td>\n<\/tr>\n<tr>\n<td width=\"127\">11<\/td>\n<td width=\"336\">Examen anatomopatologic (biopsie)<\/td>\n<td width=\"144\"><\/td>\n<\/tr>\n<tr>\n<td colspan=\"3\" width=\"607\"><strong>EXAMEN SPUTA<\/strong><\/td>\n<\/tr>\n<tr>\n<td width=\"127\">1<\/td>\n<td width=\"336\">Examen microscopic colorat<\/td>\n<td width=\"144\"><\/td>\n<\/tr>\n<tr>\n<td width=\"127\">2<\/td>\n<td width=\"336\">Cultur\u0103<\/td>\n<td width=\"144\"><\/td>\n<\/tr>\n<tr>\n<td width=\"127\">3<\/td>\n<td width=\"336\">Antibiogram\u0103<\/td>\n<td width=\"144\"><\/td>\n<\/tr>\n<tr>\n<td width=\"127\">4<\/td>\n<td width=\"336\">Fungigrama<\/td>\n<td width=\"144\"><\/td>\n<\/tr>\n<tr>\n<td colspan=\"3\" width=\"607\"><strong>IMUNODOZAJE ENDOCRINI<\/strong><\/td>\n<\/tr>\n<tr>\n<td width=\"127\">1<\/td>\n<td width=\"336\">TSH<\/td>\n<td width=\"144\"><\/td>\n<\/tr>\n<tr>\n<td width=\"127\">2<\/td>\n<td width=\"336\">ATPO<\/td>\n<td width=\"144\"><\/td>\n<\/tr>\n<tr>\n<td width=\"127\">3<\/td>\n<td width=\"336\">Prolactin\u0103<\/td>\n<td width=\"144\"><\/td>\n<\/tr>\n<tr>\n<td width=\"127\">4<\/td>\n<td width=\"336\">T3 (total)<\/td>\n<td width=\"144\"><\/td>\n<\/tr>\n<tr>\n<td width=\"127\">5<\/td>\n<td width=\"336\">FT4<\/td>\n<td width=\"144\"><\/td>\n<\/tr>\n<tr>\n<td width=\"127\">6<\/td>\n<td width=\"336\">Progesteron<\/td>\n<td width=\"144\"><\/td>\n<\/tr>\n<tr>\n<td width=\"127\">7<\/td>\n<td width=\"336\">FSH<\/td>\n<td width=\"144\"><\/td>\n<\/tr>\n<tr>\n<td width=\"127\">8<\/td>\n<td width=\"336\">Estradiol<\/td>\n<td width=\"144\"><\/td>\n<\/tr>\n<tr>\n<td width=\"127\">9<\/td>\n<td width=\"336\">LH<\/td>\n<td width=\"144\"><\/td>\n<\/tr>\n<tr>\n<td colspan=\"3\" width=\"607\"><strong>MARKERI TUMORALI<\/strong><\/td>\n<\/tr>\n<tr>\n<td width=\"127\">1<\/td>\n<td width=\"336\">CEA<\/td>\n<td width=\"144\"><\/td>\n<\/tr>\n<tr>\n<td width=\"127\">2<\/td>\n<td width=\"336\">PSA<\/td>\n<td width=\"144\"><\/td>\n<\/tr>\n<tr>\n<td width=\"127\">3<\/td>\n<td width=\"336\">CA\u00a0 15-3<\/td>\n<td width=\"144\"><\/td>\n<\/tr>\n<tr>\n<td width=\"127\">4<\/td>\n<td width=\"336\">CA 19-9<\/td>\n<td width=\"144\"><\/td>\n<\/tr>\n<tr>\n<td width=\"127\">5<\/td>\n<td width=\"336\">CA 12-5<\/td>\n<td width=\"144\"><\/td>\n<\/tr>\n<tr>\n<td colspan=\"3\" width=\"607\"><strong>ALTE SERVICII<\/strong><\/td>\n<\/tr>\n<tr>\n<td width=\"127\"><\/td>\n<td width=\"336\"><\/td>\n<td><\/td>\n<\/tr>\n<\/tbody>\n<\/table>\n<\/td>\n<\/tr>\n<\/tbody>\n<\/table>\n<p><strong style=\"color: #0000ff;\">Medici<\/strong><\/p>\n<p>Dr. Turculeanu Adriana \u2013 medic primar laborator<\/p>\n<p>Dr. Bran Sevastiana Henriette \u2013 medic specialist laborator<\/p>\n<p>Dr. Gheorghe Mihaela \u2013 medic primar laborator<\/p>\n","protected":false},"excerpt":{"rendered":"<p>Laborator analize Medicale Programari: 0771527736 Program lucru:\u00a0Luni &#8211; Vineri: 8:00 \u2013 18:00 ANALIZE DE LABORATOR Contract cu CAS Olt NR. CRT. ANALIZA MEDICAL\u0102 PRE\u021a (RON) HEMATOLOGIE 1 HLG\u00a0 complet\u0103 \u2013 hemoglobin\u0103, hematocrit, num\u0103r\u0103toare eritrocite, num\u0103r\u0103toare leucocite, num\u0103r\u0103toare eritrocite, formula leucocitar\u0103, indici eritrocitari. 2 VSH 3 Timp de coagulare 4 Timp de s\u00e2ngerare 5 INR +<\/p>\n<p><a href=\"https:\/\/policlinica-amaradia.ro\/?page_id=105\" class=\"more-link themebutton\">Read More<\/a><\/p>\n","protected":false},"author":1,"featured_media":0,"parent":204,"menu_order":0,"comment_status":"closed","ping_status":"closed","template":"","meta":{"footnotes":""},"class_list":["post-105","page","type-page","status-publish","hentry"],"_links":{"self":[{"href":"https:\/\/policlinica-amaradia.ro\/index.php?rest_route=\/wp\/v2\/pages\/105","targetHints":{"allow":["GET"]}}],"collection":[{"href":"https:\/\/policlinica-amaradia.ro\/index.php?rest_route=\/wp\/v2\/pages"}],"about":[{"href":"https:\/\/policlinica-amaradia.ro\/index.php?rest_route=\/wp\/v2\/types\/page"}],"author":[{"embeddable":true,"href":"https:\/\/policlinica-amaradia.ro\/index.php?rest_route=\/wp\/v2\/users\/1"}],"replies":[{"embeddable":true,"href":"https:\/\/policlinica-amaradia.ro\/index.php?rest_route=%2Fwp%2Fv2%2Fcomments&post=105"}],"version-history":[{"count":11,"href":"https:\/\/policlinica-amaradia.ro\/index.php?rest_route=\/wp\/v2\/pages\/105\/revisions"}],"predecessor-version":[{"id":856,"href":"https:\/\/policlinica-amaradia.ro\/index.php?rest_route=\/wp\/v2\/pages\/105\/revisions\/856"}],"up":[{"embeddable":true,"href":"https:\/\/policlinica-amaradia.ro\/index.php?rest_route=\/wp\/v2\/pages\/204"}],"wp:attachment":[{"href":"https:\/\/policlinica-amaradia.ro\/index.php?rest_route=%2Fwp%2Fv2%2Fmedia&parent=105"}],"curies":[{"name":"wp","href":"https:\/\/api.w.org\/{rel}","templated":true}]}}