{"id":446,"date":"2019-11-25T12:18:43","date_gmt":"2019-11-25T10:18:43","guid":{"rendered":"http:\/\/policlinica-amaradia.ro\/?page_id=446"},"modified":"2019-11-25T12:18:43","modified_gmt":"2019-11-25T10:18:43","slug":"politica-cookies","status":"publish","type":"page","link":"https:\/\/policlinica-amaradia.ro\/?page_id=446","title":{"rendered":"Politica cookies"},"content":{"rendered":"\n<p>Utilizarea cookie-urilor<\/p>\n\n\n\n<p>Cookie-urile (terminologia include \u201eInternet Cookie\u201d,\n\u201ebrowser cookie\u201d, \u201eHTTP cookie\u201d sau pur \u0219i simplu \u201ecookie\u201d ) sunt fi\u015fiere sau\ninforma\u0163ii care pot fi stocate pe calculatorul dumneavoastr\u0103 sau pe dispozitive\nmobile, cu acces la Internet (smartphone sau tableta) atunci c\u00e2nd accesa\u0163i\nInternetul. Cookie-ul este instalat prin solicitarea emis\u0103 de c\u0103tre un\nweb-server unui browser (ex: Internet Explorer, Chrome) \u015fi nu poate accesa\ninforma\u0163iile de pe calculatorul\/dispozitivul mobil al utilizatorului. Men\u0163ion\u0103m\nc\u0103 aceast\u0103 tehnologie nu con\u0163ine programe software, viru\u015fi sau spyware.<\/p>\n\n\n\n<p>Utiliz\u0103m cookie-urile pentru a face Site-ul mai u\u015for de\nutilizat \u015fi pentru a-l adapta mai bine, prin ofertele noastre, la interesele \u015fi\nnecesit\u0103\u0163ile dumneavoastr\u0103. Cookie-urile sunt utilizate \u015fi pentru a m\u0103ri viteza\nviitoarelor dumneavoastr\u0103 activit\u0103\u0163i \u015fi experien\u0163e pe site-ul nostru. Acestea\nse refer\u0103 la preferin\u0163ele dvs. \u00een materie de confiden\u0163ialitate online sau\npublicitate relevant\u0103. De asemenea utiliz\u0103m cookie-uri pentru a compila\nstatistici anonime, cumulate, care ne permit s\u0103 \u00een\u0163elegem cum utilizeaz\u0103\noamenii Site-ul \u015fi pentru a ne ajuta s\u0103 \u00eembun\u0103t\u0103\u0163im structura \u015fi con\u0163inutul\nlui, excluz\u00e2nd indentificarea personal\u0103 a utilizatorului.<\/p>\n\n\n\n<p>Cum pot s\u0103 controlez sau s\u0103 \u015fterg cookie-urile?<\/p>\n\n\n\n<p>Majoritatea browserelor de Internet sunt setate ini\u0163ial\npentru a accepta automat cookie-uri. Pute\u0163i modifica set\u0103rile pentru a bloca\ncookie-urile sau pentru fi notificat \u00een momentul c\u00e2nd sunt trimise cookie-uri\nc\u0103tre calculatorul sau dispozitivul dumneavoastr\u0103 mobil (smartphone, tablet\u0103).<\/p>\n\n\n\n<p>\u00cen cazul \u00een care anula\u0163i cookie-urile pe care le utiliz\u0103m,\nnu ve\u0163i mai primi informa\u0163ii personalizate atunci c\u00e2nd vizita\u0163i Site-ul nostru.<\/p>\n\n\n\n<p>Dac\u0103 utiliza\u0163i mai multe dispozitive pentru a vizualiza \u015fi a\naccesa Site-ul (de ex. calculatorul, smartphone, tableta, etc) va trebui s\u0103 v\u0103\nasigura\u0163i c\u0103 fiecare browser de pe fiecare dispozitiv este setat astfel \u00eenc\u00e2t\ns\u0103 corespund\u0103 preferin\u0163elor dumneavoastr\u0103 de cookie.<\/p>\n\n\n\n<p>Toate browserele moderne ofer\u0103 posibilitatea de a schimba\nset\u0103rile cookie-urilor. Aceste set\u0103ri se g\u0103sesc de regul\u0103 \u00een \u201eop\u021biuni\u201d sau \u00een\nmeniul de \u201epreferin\u021be\u201d al browser-ului t\u0103u.<\/p>\n\n\n\n<p>Pentru a \u00een\u021belege aceste set\u0103ri, urm\u0103toarele linkuri pot fi\nfolositoare, altfel pute\u021bi folosi op\u021biunea \u201eajutor\u201d a browserului pentru mai\nmulte detalii.<\/p>\n\n\n\n<p>Cookie settings \u00een Internet Explorer<\/p>\n\n\n\n<p>Cookie settings \u00een Firefox<\/p>\n\n\n\n<p>Cookie settings \u00een Chrome<\/p>\n\n\n\n<p>Cookie settings \u00een Safari<\/p>\n\n\n\n<p>Pentru set\u0103rile cookie-urilor generate de ter\u021bi, pute\u021bi\nconsulta \u0219i site-ul http:\/\/www.youronlinechoices.com\/ro\/<\/p>\n\n\n\n<p>Linkuri utile<\/p>\n\n\n\n<p>Dac\u0103 dori\u021bi s\u0103 afla\u021bi mai multe infroma\u021bii despre cookie-uri\n\u0219i la ce sunt utilizate, recomand\u0103m urm\u0103toarele link-uri:<\/p>\n\n\n\n<p>Microsoft Cookies guide<\/p>\n\n\n\n<p>All About Cookies<\/p>\n\n\n\n<p>IAB Rom\u00e2nia pune la dispozi\u021bie urm\u0103torul site pentru a oferi\nmai multe informa\u021bii privind confiden\u021bialitatea legat\u0103 de publicitatea online:\nhttp:\/\/www.youronlinechoices.com\/ro\/<\/p>\n\n\n\n<p>Pentru mai multe detalii legate de probleme de\nconfiden\u021bialitate, pute\u021bi accesa \u0219i urm\u0103toarele linkuri:<\/p>\n\n\n\n<p><a href=\"http:\/\/www.dreptonline.ro\/legislatie\/oug_13_2012_modificare_prelucrare_date_caracter_personal_protectia_vietii_private_comunicatii_electronice.php\">http:\/\/www.dreptonline.ro\/legislatie\/oug_13_2012_modificare_prelucrare_date_caracter_personal_protectia_vietii_private_comunicatii_electronice.php<\/a><\/p>\n\n\n\n<p>www.youronlinechoices.eu\/ro<\/p>\n\n\n\n<p><a href=\"http:\/\/www.iabeurope.eu\/cookies-faq\/internet-cookies\u2013increasing-and-enhancing-yourinternet-surfing-experience\/what-are-cookies-how-do-they-work\u2013cookies-faq.aspx\">http:\/\/www.iabeurope.eu\/cookies-faq\/internet-cookies\u2013increasing-and-enhancing-yourinternet-surfing-experience\/what-are-cookies-how-do-they-work\u2013cookies-faq.aspx<\/a><\/p>\n\n\n\n<p><a href=\"http:\/\/www.guardian.co.uk\/info\/cookies\">http:\/\/www.guardian.co.uk\/info\/cookies<\/a><\/p>\n","protected":false},"excerpt":{"rendered":"<p>Utilizarea cookie-urilor Cookie-urile (terminologia include \u201eInternet Cookie\u201d, \u201ebrowser cookie\u201d, \u201eHTTP cookie\u201d sau pur \u0219i simplu \u201ecookie\u201d ) sunt fi\u015fiere sau informa\u0163ii care pot fi stocate pe calculatorul dumneavoastr\u0103 sau pe dispozitive mobile, cu acces la Internet (smartphone sau tableta) atunci c\u00e2nd accesa\u0163i Internetul. Cookie-ul este instalat prin solicitarea emis\u0103 de c\u0103tre un web-server unui browser<\/p>\n<p><a href=\"https:\/\/policlinica-amaradia.ro\/?page_id=446\" class=\"more-link themebutton\">Read More<\/a><\/p>\n","protected":false},"author":1,"featured_media":0,"parent":0,"menu_order":0,"comment_status":"closed","ping_status":"closed","template":"","meta":{"footnotes":""},"class_list":["post-446","page","type-page","status-publish","hentry"],"_links":{"self":[{"href":"https:\/\/policlinica-amaradia.ro\/index.php?rest_route=\/wp\/v2\/pages\/446","targetHints":{"allow":["GET"]}}],"collection":[{"href":"https:\/\/policlinica-amaradia.ro\/index.php?rest_route=\/wp\/v2\/pages"}],"about":[{"href":"https:\/\/policlinica-amaradia.ro\/index.php?rest_route=\/wp\/v2\/types\/page"}],"author":[{"embeddable":true,"href":"https:\/\/policlinica-amaradia.ro\/index.php?rest_route=\/wp\/v2\/users\/1"}],"replies":[{"embeddable":true,"href":"https:\/\/policlinica-amaradia.ro\/index.php?rest_route=%2Fwp%2Fv2%2Fcomments&post=446"}],"version-history":[{"count":1,"href":"https:\/\/policlinica-amaradia.ro\/index.php?rest_route=\/wp\/v2\/pages\/446\/revisions"}],"predecessor-version":[{"id":447,"href":"https:\/\/policlinica-amaradia.ro\/index.php?rest_route=\/wp\/v2\/pages\/446\/revisions\/447"}],"wp:attachment":[{"href":"https:\/\/policlinica-amaradia.ro\/index.php?rest_route=%2Fwp%2Fv2%2Fmedia&parent=446"}],"curies":[{"name":"wp","href":"https:\/\/api.w.org\/{rel}","templated":true}]}}