{"id":710,"date":"2020-09-11T14:26:13","date_gmt":"2020-09-11T11:26:13","guid":{"rendered":"http:\/\/policlinica-amaradia.ro\/?page_id=710"},"modified":"2020-09-11T14:26:13","modified_gmt":"2020-09-11T11:26:13","slug":"dopplerul-cervico-cerebral-ecografia-doppler-cervico-cerebrala","status":"publish","type":"page","link":"https:\/\/policlinica-amaradia.ro\/?page_id=710","title":{"rendered":"Dopplerul cervico-cerebral \/Ecografia Doppler cervico- cerebrala"},"content":{"rendered":"\n<p>Ecografia Doppler cervico- cerebrala se efectueaz\u0103 pentru a vedea dac\u0103 arterele carotide sau vertebrale sunt \u00eengustate \u015fi dac\u0103 s\u00e2ngele circul\u0103 cu viteze normale la nivelul acestora.<\/p>\n\n\n\n<p>Arterele sunt de regul\u0103 \u00eengustate printr-o plac\u0103 de aterom &#8211; o depunere de grasimi (colesterol) pe partea intern\u0103 a vasului care poate fi mobilizata de torentul circulator sau local, prin dimensiuni foarte mari, poate determina un accident vascular cerebral sau infarct miocardic.<\/p>\n\n\n\n<p>Trebuie s\u0103 faceti Doppler carotidian sunteti intr-una din urmatoarele situatii&nbsp;:<\/p>\n\n\n\n<ul class=\"wp-block-list\"><li>Hipertensiunea arterial\u0103<\/li><li>Diabet zaharat<\/li><li>Hipercolesterolemie<\/li><li>Istoric familial de accident vascular cerebral sau boala cardiac\u0103 &nbsp;&nbsp;ischemic\u0103<\/li><li>Accident ischemic tranzitoriu sau accident vascular cerebral recent<\/li><li>Suflu carotidian, detectat de doctor la examinarea cu stetoscopul<\/li><li>Boala coronarian\u0103<\/li><li>Fumati<\/li><li>Pacientii care prezinta ameteli, vertij, tulburari de echilibru sau pierderi ale starii de cunostinta<\/li><\/ul>\n","protected":false},"excerpt":{"rendered":"<p>Ecografia Doppler cervico- cerebrala se efectueaz\u0103 pentru a vedea dac\u0103 arterele carotide sau vertebrale sunt \u00eengustate \u015fi dac\u0103 s\u00e2ngele circul\u0103 cu viteze normale la nivelul acestora. Arterele sunt de regul\u0103 \u00eengustate printr-o plac\u0103 de aterom &#8211; o depunere de grasimi (colesterol) pe partea intern\u0103 a vasului care poate fi mobilizata de torentul circulator sau local,<\/p>\n<p><a href=\"https:\/\/policlinica-amaradia.ro\/?page_id=710\" class=\"more-link themebutton\">Read More<\/a><\/p>\n","protected":false},"author":1,"featured_media":0,"parent":0,"menu_order":0,"comment_status":"closed","ping_status":"closed","template":"","meta":{"footnotes":""},"class_list":["post-710","page","type-page","status-publish","hentry"],"_links":{"self":[{"href":"https:\/\/policlinica-amaradia.ro\/index.php?rest_route=\/wp\/v2\/pages\/710","targetHints":{"allow":["GET"]}}],"collection":[{"href":"https:\/\/policlinica-amaradia.ro\/index.php?rest_route=\/wp\/v2\/pages"}],"about":[{"href":"https:\/\/policlinica-amaradia.ro\/index.php?rest_route=\/wp\/v2\/types\/page"}],"author":[{"embeddable":true,"href":"https:\/\/policlinica-amaradia.ro\/index.php?rest_route=\/wp\/v2\/users\/1"}],"replies":[{"embeddable":true,"href":"https:\/\/policlinica-amaradia.ro\/index.php?rest_route=%2Fwp%2Fv2%2Fcomments&post=710"}],"version-history":[{"count":1,"href":"https:\/\/policlinica-amaradia.ro\/index.php?rest_route=\/wp\/v2\/pages\/710\/revisions"}],"predecessor-version":[{"id":711,"href":"https:\/\/policlinica-amaradia.ro\/index.php?rest_route=\/wp\/v2\/pages\/710\/revisions\/711"}],"wp:attachment":[{"href":"https:\/\/policlinica-amaradia.ro\/index.php?rest_route=%2Fwp%2Fv2%2Fmedia&parent=710"}],"curies":[{"name":"wp","href":"https:\/\/api.w.org\/{rel}","templated":true}]}}